{"id":110,"date":"2024-10-31T15:58:38","date_gmt":"2024-10-31T15:58:38","guid":{"rendered":"https:\/\/futboldepeso.com\/?page_id=110"},"modified":"2025-03-31T04:08:17","modified_gmt":"2025-03-31T04:08:17","slug":"nuestra-historia","status":"publish","type":"page","link":"https:\/\/futboldepeso.com\/index.php\/nuestra-historia\/","title":{"rendered":"Nuestra Historia"},"content":{"rendered":"<p>[et_pb_section fb_built=&#8221;1&#8243; custom_padding_last_edited=&#8221;on|phone&#8221; _builder_version=&#8221;4.27.2&#8243; _module_preset=&#8221;default&#8221; use_background_color_gradient=&#8221;on&#8221; background_color_gradient_stops=&#8221;rgba(30,34,47,0.5) 0%|rgba(0,0,0,0.2) 100%&#8221; background_color_gradient_overlays_image=&#8221;on&#8221; background_image=&#8221;https:\/\/futboldepeso.com\/wp-content\/uploads\/2024\/11\/f-nosotros.png&#8221; parallax=&#8221;on&#8221; parallax_method=&#8221;off&#8221; custom_padding=&#8221;6%||4%||false|false&#8221; custom_padding_tablet=&#8221;6%||4%||false|false&#8221; custom_padding_phone=&#8221;0%||10%||false|false&#8221; bottom_divider_style=&#8221;asymmetric4&#8243; bottom_divider_color=&#8221;#FFFFFF&#8221; bottom_divider_height=&#8221;25px&#8221; bottom_divider_height_tablet=&#8221;35px&#8221; bottom_divider_height_phone=&#8221;25px&#8221; bottom_divider_height_last_edited=&#8221;on|tablet&#8221; locked=&#8221;off&#8221; global_colors_info=&#8221;{}&#8221;][et_pb_row column_structure=&#8221;3_5,2_5&#8243; use_custom_gutter=&#8221;on&#8221; gutter_width=&#8221;2&#8243; make_equal=&#8221;on&#8221; custom_padding_last_edited=&#8221;on|phone&#8221; disabled_on=&#8221;off|off|off&#8221; _builder_version=&#8221;4.27.2&#8243; _module_preset=&#8221;default&#8221; module_alignment=&#8221;center&#8221; custom_padding_tablet=&#8221;&#8221; custom_padding_phone=&#8221;||||false|false&#8221; locked=&#8221;off&#8221; global_colors_info=&#8221;{}&#8221;][et_pb_column type=&#8221;3_5&#8243; _builder_version=&#8221;4.27.2&#8243; _module_preset=&#8221;default&#8221; background_enable_color=&#8221;off&#8221; custom_padding=&#8221;0%|0%|0%|0%|true|true&#8221; custom_css_main_element=&#8221;margin: auto;&#8221; border_color_left=&#8221;#BE0107&#8243; global_colors_info=&#8221;{}&#8221;][dipi_breadcrumbs bc_home_icon=&#8221;on&#8221; bc_home_size=&#8221;15px&#8221; bc_home_color=&#8221;#BE0107&#8243; bc_separator_color=&#8221;#ffffff&#8221; bc_item_padding_last_edited=&#8221;off|desktop&#8221; bc_active_item_padding_last_edited=&#8221;off|phone&#8221; _builder_version=&#8221;4.27.2&#8243; _module_preset=&#8221;default&#8221; items_font=&#8221;Poppins||||||||&#8221; items_text_color=&#8221;#ffffff&#8221; items_font_size=&#8221;14px&#8221; hover_font=&#8221;||||||||&#8221; active_text_color=&#8221;#ffffff&#8221; active_font_size=&#8221;14px&#8221; custom_margin=&#8221;||3%||false|false&#8221; custom_margin_tablet=&#8221;||3%||false|false&#8221; custom_margin_phone=&#8221;||3%||false|false&#8221; custom_margin_last_edited=&#8221;on|desktop&#8221; custom_padding=&#8221;||||false|false&#8221; animation_style=&#8221;slide&#8221; animation_direction=&#8221;top&#8221; animation_duration=&#8221;1200ms&#8221; animation_intensity_slide=&#8221;20%&#8221; animation_speed_curve=&#8221;ease-out&#8221; items_text_shadow_style=&#8221;preset1&#8243; items_text_shadow_color=&#8221;rgba(0,0,0,0.1)&#8221; locked=&#8221;off&#8221; global_colors_info=&#8221;{}&#8221; hover_text_color__hover_enabled=&#8221;off|desktop&#8221; hover_text_color__hover=&#8221;#081314&#8243;][\/dipi_breadcrumbs][et_pb_text _builder_version=&#8221;4.27.2&#8243; _module_preset=&#8221;default&#8221; text_font=&#8221;Poppins|600|||||||&#8221; text_text_color=&#8221;#FAFAFA&#8221; text_font_size=&#8221;65px&#8221; text_line_height=&#8221;1.4em&#8221; custom_margin=&#8221;||2%||false|false&#8221; custom_margin_tablet=&#8221;||5%||false|false&#8221; custom_margin_phone=&#8221;||3%||false|false&#8221; custom_margin_last_edited=&#8221;on|desktop&#8221; custom_padding=&#8221;|||2%|false|false&#8221; animation_style=&#8221;slide&#8221; animation_direction=&#8221;left&#8221; animation_duration=&#8221;1200ms&#8221; animation_intensity_slide=&#8221;5%&#8221; animation_speed_curve=&#8221;ease-out&#8221; text_font_size_tablet=&#8221;65px&#8221; text_font_size_phone=&#8221;35px&#8221; text_font_size_last_edited=&#8221;on|phone&#8221; text_text_shadow_style=&#8221;preset1&#8243; text_text_shadow_color=&#8221;rgba(0,0,0,0.2)&#8221; border_width_left=&#8221;10px&#8221; border_color_left=&#8221;#BE0107&#8243; global_colors_info=&#8221;{}&#8221;]<\/p>\n<p>Nuestra Historia<\/p>\n<p>[\/et_pb_text][\/et_pb_column][et_pb_column type=&#8221;2_5&#8243; _builder_version=&#8221;4.27.2&#8243; _module_preset=&#8221;default&#8221; global_colors_info=&#8221;{}&#8221;][\/et_pb_column][\/et_pb_row][\/et_pb_section][et_pb_section fb_built=&#8221;1&#8243; _builder_version=&#8221;4.27.2&#8243; _module_preset=&#8221;default&#8221; global_colors_info=&#8221;{}&#8221;][et_pb_row column_structure=&#8221;1_2,1_2&#8243; use_custom_gutter=&#8221;on&#8221; gutter_width=&#8221;2&#8243; make_equal=&#8221;on&#8221; _builder_version=&#8221;4.27.2&#8243; _module_preset=&#8221;default&#8221; custom_padding=&#8221;0px||||false|false&#8221; global_colors_info=&#8221;{}&#8221;][et_pb_column type=&#8221;1_2&#8243; _builder_version=&#8221;4.27.2&#8243; _module_preset=&#8221;default&#8221; custom_css_main_element=&#8221;margin: auto&#8221; global_colors_info=&#8221;{}&#8221;][et_pb_text _builder_version=&#8221;4.27.2&#8243; _module_preset=&#8221;default&#8221; text_font=&#8221;Poppins|600|||||||&#8221; text_text_color=&#8221;#000000&#8243; text_font_size=&#8221;35px&#8221; text_line_height=&#8221;1.4em&#8221; header_text_color=&#8221;#FFFFFF&#8221; custom_margin=&#8221;||3%||false|false&#8221; custom_margin_tablet=&#8221;||2%||false|false&#8221; custom_margin_phone=&#8221;||3%||false|false&#8221; custom_margin_last_edited=&#8221;on|phone&#8221; animation_style=&#8221;flip&#8221; animation_direction=&#8221;top&#8221; animation_duration=&#8221;1500ms&#8221; animation_intensity_flip=&#8221;100%&#8221; animation_speed_curve=&#8221;ease&#8221; text_font_size_tablet=&#8221;32px&#8221; text_font_size_phone=&#8221;24px&#8221; text_font_size_last_edited=&#8221;on|phone&#8221; locked=&#8221;off&#8221; global_colors_info=&#8221;{}&#8221;]<\/p>\n<p><span style=\"color: #be0107;\">\u00bf<\/span>Qu\u00e9 es FUTBOL DE PESO\u00ae<span style=\"color: #be0107;\">?<\/span><\/p>\n<p>[\/et_pb_text][et_pb_divider color=&#8221;#BE0107&#8243; divider_style=&#8221;dotted&#8221; divider_weight=&#8221;7px&#8221; _builder_version=&#8221;4.27.2&#8243; _module_preset=&#8221;default&#8221; width=&#8221;10%&#8221; width_tablet=&#8221;12%&#8221; width_phone=&#8221;18%&#8221; width_last_edited=&#8221;on|phone&#8221; custom_margin=&#8221;||0%||false|false&#8221; custom_margin_tablet=&#8221;||0%||false|false&#8221; custom_margin_phone=&#8221;||0%||false|false&#8221; custom_margin_last_edited=&#8221;on|tablet&#8221; animation_style=&#8221;bounce&#8221; animation_direction=&#8221;right&#8221; animation_duration=&#8221;700ms&#8221; animation_speed_curve=&#8221;ease&#8221; locked=&#8221;off&#8221; global_colors_info=&#8221;{}&#8221;][\/et_pb_divider][et_pb_text _builder_version=&#8221;4.27.2&#8243; _module_preset=&#8221;default&#8221; text_font=&#8221;Mulish||||||||&#8221; text_text_color=&#8221;#333333&#8243; text_font_size=&#8221;15px&#8221; text_line_height=&#8221;1.6em&#8221; text_orientation=&#8221;justified&#8221; animation_style=&#8221;slide&#8221; animation_direction=&#8221;bottom&#8221; animation_duration=&#8221;1200ms&#8221; animation_intensity_slide=&#8221;5%&#8221; animation_speed_curve=&#8221;ease&#8221; text_font_size_tablet=&#8221;15px&#8221; text_font_size_phone=&#8221;13px&#8221; text_font_size_last_edited=&#8221;on|tablet&#8221; locked=&#8221;off&#8221; global_colors_info=&#8221;{}&#8221;]<\/p>\n<p>Fundado en 2016, somos la primer Liga de Futbol en el mundo dirigida exclusivamente a personas con obesidad, con servicios de nutrici\u00f3n y salud enfocada a cambiar de manera muy positiva la vida de las personas gracias al deporte m\u00e1s popular del mundo.<\/p>\n<p>Desarrollamos un proyecto para crear espacios de recreaci\u00f3n y competencia para todas las personas que viven en condiciones de sedentarismo venciendo las enfermedades que tienen el mayor \u00edndice de mortalidad en el mundo como lo son la diabetes, hipertensi\u00f3n, obesidad, enfermedades cardiacas, etc., adem\u00e1s ayudamos a detener de manera contundente problemas de depresi\u00f3n o ansiedad gracias a la reactivaci\u00f3n f\u00edsica.<\/p>\n<p><span>Contribuimos directamente a fortalecer los lazos de familia y amistad en una atmosfera positiva donde las personas trabajan en equipo bajo nuestros valores de respeto, disciplina, uni\u00f3n, trabajo y juego limpio; pilares para llegar al \u00e9xito de todos: una mejor calidad de vida.<\/span><\/p>\n<p>[\/et_pb_text][\/et_pb_column][et_pb_column type=&#8221;1_2&#8243; _builder_version=&#8221;4.27.2&#8243; _module_preset=&#8221;default&#8221; custom_padding=&#8221;||||false|false&#8221; custom_padding_tablet=&#8221;4%||||false|false&#8221; custom_padding_phone=&#8221;5%||||false|false&#8221; custom_padding_last_edited=&#8221;on|desktop&#8221; custom_css_main_element=&#8221;margin: auto&#8221; global_colors_info=&#8221;{}&#8221;][dipi_masonry_gallery gallery_ids=&#8221;255,254,253,251,513,551&#8243; horizontal_order_direction=&#8221;on&#8221; use_overlay=&#8221;on&#8221; overlay_align_horizontal=&#8221;flex-end&#8221; overlay_align_vertical=&#8221;flex-start&#8221; hover_icon=&#8221;&#x30;||divi||400&#8243; columns=&#8221;2&#8243; gutter=&#8221;6&#8243; overlay_bg_color=&#8221;rgba(0,0,0,0.2)&#8221; overlay_icon_color=&#8221;#BE0107&#8243; overlay_icon_use_circle=&#8221;on&#8221; overlay_icon_use_icon_font_size=&#8221;on&#8221; overlay_icon_font_size=&#8221;15px&#8221; use_thumbnails=&#8221;on&#8221; grid_animation=&#8221;fadeInDownShort&#8221; fix_lazy=&#8221;on&#8221; image_animation=&#8221;zoom-in&#8221; load_more_padding=&#8221;0px|0px|0px|0px|true|true&#8221; _builder_version=&#8221;4.27.4&#8243; _module_preset=&#8221;default&#8221; max_height=&#8221;535px&#8221; max_height_tablet=&#8221;535px&#8221; max_height_phone=&#8221;285px&#8221; max_height_last_edited=&#8221;on|phone&#8221; animation_style=&#8221;slide&#8221; animation_direction=&#8221;right&#8221; animation_duration=&#8221;1200ms&#8221; animation_intensity_slide=&#8221;5%&#8221; animation_speed_curve=&#8221;ease&#8221; hover_enabled=&#8221;0&#8243; global_colors_info=&#8221;{}&#8221; border_radii_grid_item__hover_enabled=&#8221;on|hover&#8221; border_radii_grid_item__hover=&#8221;on|5px|5px|5px|5px&#8221; sticky_enabled=&#8221;0&#8243;][\/dipi_masonry_gallery][\/et_pb_column][\/et_pb_row][et_pb_row column_structure=&#8221;1_2,1_2&#8243; use_custom_gutter=&#8221;on&#8221; gutter_width=&#8221;2&#8243; make_equal=&#8221;on&#8221; module_class=&#8221;reverse-columns&#8221; _builder_version=&#8221;4.27.2&#8243; _module_preset=&#8221;default&#8221; custom_padding=&#8221;0px||0px||true|false&#8221; global_colors_info=&#8221;{}&#8221;][et_pb_column type=&#8221;1_2&#8243; _builder_version=&#8221;4.27.2&#8243; _module_preset=&#8221;default&#8221; custom_padding_tablet=&#8221;4%||||false|false&#8221; custom_padding_phone=&#8221;5%||||false|false&#8221; custom_padding_last_edited=&#8221;on|tablet&#8221; custom_css_main_element=&#8221;margin: auto&#8221; global_colors_info=&#8221;{}&#8221;][dipi_masonry_gallery gallery_ids=&#8221;273,272,270,269,268,267&#8243; horizontal_order_direction=&#8221;on&#8221; use_overlay=&#8221;on&#8221; overlay_align_horizontal=&#8221;flex-end&#8221; overlay_align_vertical=&#8221;flex-start&#8221; hover_icon=&#8221;&#x30;||divi||400&#8243; columns=&#8221;2&#8243; gutter=&#8221;6&#8243; overlay_bg_color=&#8221;rgba(0,0,0,0.2)&#8221; overlay_icon_color=&#8221;#BE0107&#8243; overlay_icon_use_circle=&#8221;on&#8221; overlay_icon_use_icon_font_size=&#8221;on&#8221; overlay_icon_font_size=&#8221;15px&#8221; use_thumbnails=&#8221;on&#8221; grid_animation=&#8221;fadeInDownShort&#8221; fix_lazy=&#8221;on&#8221; image_animation=&#8221;zoom-in&#8221; load_more_padding=&#8221;0px|0px|0px|0px|true|true&#8221; _builder_version=&#8221;4.27.2&#8243; _module_preset=&#8221;default&#8221; max_height=&#8221;500px&#8221; max_height_tablet=&#8221;500px&#8221; max_height_phone=&#8221;270px&#8221; max_height_last_edited=&#8221;on|phone&#8221; animation_style=&#8221;slide&#8221; animation_direction=&#8221;left&#8221; animation_duration=&#8221;1200ms&#8221; animation_intensity_slide=&#8221;5%&#8221; animation_speed_curve=&#8221;ease&#8221; global_colors_info=&#8221;{}&#8221; border_radii_grid_item__hover_enabled=&#8221;on|hover&#8221; border_radii_grid_item__hover=&#8221;on|5px|5px|5px|5px&#8221;][\/dipi_masonry_gallery][\/et_pb_column][et_pb_column type=&#8221;1_2&#8243; _builder_version=&#8221;4.27.2&#8243; _module_preset=&#8221;default&#8221; custom_css_main_element=&#8221;margin: auto&#8221; global_colors_info=&#8221;{}&#8221;][et_pb_divider color=&#8221;#BE0107&#8243; divider_style=&#8221;dotted&#8221; divider_weight=&#8221;7px&#8221; _builder_version=&#8221;4.27.2&#8243; _module_preset=&#8221;default&#8221; width=&#8221;10%&#8221; width_tablet=&#8221;12%&#8221; width_phone=&#8221;18%&#8221; width_last_edited=&#8221;on|phone&#8221; custom_margin=&#8221;||0%||false|false&#8221; custom_margin_tablet=&#8221;||0%||false|false&#8221; custom_margin_phone=&#8221;||0%||false|false&#8221; custom_margin_last_edited=&#8221;on|tablet&#8221; animation_style=&#8221;bounce&#8221; animation_direction=&#8221;right&#8221; animation_duration=&#8221;700ms&#8221; animation_speed_curve=&#8221;ease&#8221; locked=&#8221;off&#8221; global_colors_info=&#8221;{}&#8221;][\/et_pb_divider][et_pb_text _builder_version=&#8221;4.27.2&#8243; _module_preset=&#8221;default&#8221; text_font=&#8221;Mulish||||||||&#8221; text_text_color=&#8221;#333333&#8243; text_font_size=&#8221;15px&#8221; text_line_height=&#8221;1.6em&#8221; text_orientation=&#8221;justified&#8221; animation_style=&#8221;slide&#8221; animation_direction=&#8221;bottom&#8221; animation_duration=&#8221;1200ms&#8221; animation_intensity_slide=&#8221;5%&#8221; animation_speed_curve=&#8221;ease&#8221; text_font_size_tablet=&#8221;15px&#8221; text_font_size_phone=&#8221;13px&#8221; text_font_size_last_edited=&#8221;on|tablet&#8221; locked=&#8221;off&#8221; global_colors_info=&#8221;{}&#8221;]<\/p>\n<p>Organizamos Torneos de Futbol 7 en donde nuestros participantes adem\u00e1s de competir en sus clubs reciben servicios de nutrici\u00f3n y salud para cumplir de manera \u00edntegra 4 de nuestros principales objetivos: activaci\u00f3n f\u00edsica, cambiar h\u00e1bitos alimenticios, bajar de peso y reducir dr\u00e1sticamente el riesgo de enfermedades relacionadas con la obesidad.<\/p>\n<p>Contamos con un staff de profesionales de la Nutrici\u00f3n Deportiva, quienes realizaran conferencias y talleres, proporcionando planes alimenticios y orientaci\u00f3n mientras se desarrollan las competencias.<br \/>En nuestro proyecto creamos una atmosfera donde los participantes podr\u00e1n vivir una experiencia \u00fanica viviendo el futbol junto a su familia, como una fiesta y en donde se sentir\u00e1n protagonistas de lo que pase dentro y fuera de la cancha.<\/p>\n<p>Muy pronto presentaremos al mundo nuestro proyecto Futbol de Peso\u00ae Kids, donde trabajaremos arduamente atendiendo de ra\u00edz los problemas de salud y bullying que afectan principalmente a la ni\u00f1ez.<\/p>\n<p>Futbol de Peso\u00ae est\u00e1 disponible para empresas, gobiernos, escuelas privadas o p\u00fablicas, nuestro proyecto garantiza los beneficios para tu equipo de trabajo.<\/p>\n<p>[\/et_pb_text][\/et_pb_column][\/et_pb_row][\/et_pb_section]<\/p>\n","protected":false},"excerpt":{"rendered":"<p><div class=\"et_pb_module dipi_breadcrumbs dipi_breadcrumbs_0 et_animated\">\n\t\t\t\t\n\t\t\t\t\n\t\t\t\t\n\t\t\t\t\n\t\t\t\t\n\t\t\t\t\n\t\t\t\t<div class=\"et_pb_module_inner\">\n\t\t\t\t\t<div class=\"dipi-breadcrumbs dipi-bc-left\">\n                <ul >\n                    \n                                                        <li  class=\"dipi-breadcrumb-item dipi-breadcrumb-home\">\n\n                                                    <a  href=\"https:\/\/futboldepeso.com\">\n                                <span  content=\"Home\">\n                                    <span class=\"et-pb-icon dipi-home-icon\"><\/span>                                    Futbol de Peso\u00ae                                <\/span>\n                            <\/a>\n\n                                                <meta itemprop=\"position\" content=\"1\"\/>                    <\/li>\n\n                    <li class=\"dipi-breadcrumb-separator\">\n                    <span class=\"et-pb-icon dipi-separator-icon\">$<\/span>\n                <\/li>                            \n                <\/ul>\n            <\/div>\n\t\t\t\t<\/div>\n\t\t\t<\/div>Nuestra Historia\u00bfQu\u00e9 es FUTBOL DE PESO\u00ae?Fundado en 2016, somos la primer Liga de Futbol en el mundo dirigida exclusivamente a personas con obesidad, con servicios [&hellip;]<\/p>\n","protected":false},"author":1,"featured_media":0,"parent":0,"menu_order":0,"comment_status":"closed","ping_status":"closed","template":"","meta":{"_et_pb_use_builder":"on","_et_pb_old_content":"","_et_gb_content_width":"","footnotes":""},"dipi_cpt_category":[],"class_list":["post-110","page","type-page","status-publish","hentry"],"_links":{"self":[{"href":"https:\/\/futboldepeso.com\/index.php\/wp-json\/wp\/v2\/pages\/110","targetHints":{"allow":["GET"]}}],"collection":[{"href":"https:\/\/futboldepeso.com\/index.php\/wp-json\/wp\/v2\/pages"}],"about":[{"href":"https:\/\/futboldepeso.com\/index.php\/wp-json\/wp\/v2\/types\/page"}],"author":[{"embeddable":true,"href":"https:\/\/futboldepeso.com\/index.php\/wp-json\/wp\/v2\/users\/1"}],"replies":[{"embeddable":true,"href":"https:\/\/futboldepeso.com\/index.php\/wp-json\/wp\/v2\/comments?post=110"}],"version-history":[{"count":22,"href":"https:\/\/futboldepeso.com\/index.php\/wp-json\/wp\/v2\/pages\/110\/revisions"}],"predecessor-version":[{"id":552,"href":"https:\/\/futboldepeso.com\/index.php\/wp-json\/wp\/v2\/pages\/110\/revisions\/552"}],"wp:attachment":[{"href":"https:\/\/futboldepeso.com\/index.php\/wp-json\/wp\/v2\/media?parent=110"}],"wp:term":[{"taxonomy":"dipi_cpt_category","embeddable":true,"href":"https:\/\/futboldepeso.com\/index.php\/wp-json\/wp\/v2\/dipi_cpt_category?post=110"}],"curies":[{"name":"wp","href":"https:\/\/api.w.org\/{rel}","templated":true}]}}